{"id":22,"date":"2021-11-11T17:16:54","date_gmt":"2021-11-11T16:16:54","guid":{"rendered":"http:\/\/manoirdekerscao.fr\/?page_id=22"},"modified":"2026-04-14T23:08:45","modified_gmt":"2026-04-14T21:08:45","slug":"situation-2","status":"publish","type":"page","link":"http:\/\/manoirdekerscao.fr\/index.php\/situation-2\/","title":{"rendered":"1 &#8211; Situation"},"content":{"rendered":"<h4><img loading=\"lazy\" decoding=\"async\" class=\" wp-image-484 alignleft\" src=\"http:\/\/manoirdekerscao.fr\/wp-content\/uploads\/2026\/04\/Capture-decran-2026-04-14-230515.png\" alt=\"\" width=\"383\" height=\"369\" srcset=\"http:\/\/manoirdekerscao.fr\/wp-content\/uploads\/2026\/04\/Capture-decran-2026-04-14-230515.png 967w, http:\/\/manoirdekerscao.fr\/wp-content\/uploads\/2026\/04\/Capture-decran-2026-04-14-230515-300x289.png 300w, http:\/\/manoirdekerscao.fr\/wp-content\/uploads\/2026\/04\/Capture-decran-2026-04-14-230515-768x739.png 768w\" sizes=\"auto, (max-width: 383px) 100vw, 383px\" \/><em>Vue a\u00e9rienne &#8211; juillet 2025<\/em><\/h4>\n<p>Le manoir de Kerscao est situ\u00e9 \u00e0 12 kilom\u00e8tres \u00e0 l&rsquo;ouest de Brest, et \u00e0 un peu plus d&rsquo;un kilom\u00e8tre au nord du bourg de Locmaria-Plouzan\u00e9.<br \/>\nLa construction primitive date du 14\u00e8me si\u00e8cle; elle a \u00e9t\u00e9 restaur\u00e9e en 1468, puis agrandie en 1590.<br \/>\nLe manoir comporte une double enceinte. La plus grande, constitu\u00e9e d&rsquo;un mur de 3 \u00e0 5 m\u00e8tres de haut dont les trois quarts sont encore en bon \u00e9tat, entoure les jardins d&rsquo;une surface rectangulaire de plus de deux hectares. Le manoir et sa cour ferm\u00e9e, deuxi\u00e8me enceinte, forme l&rsquo;un des angles de cet ensemble.<br \/>\nDans l\u2019intra-muros se trouvent la <strong>chapelle<\/strong>, et le <strong>colombier<\/strong>. En dehors de l&rsquo;enceinte se trouvent la <strong>fontaine<\/strong>, le <strong>lavoir<\/strong> (dou\u00e9) et le <strong>vivier<\/strong> actuellement envahi par la v\u00e9g\u00e9tation.<\/p>\n","protected":false},"excerpt":{"rendered":"<p>Vue a\u00e9rienne &#8211; juillet 2025 Le manoir de Kerscao est situ\u00e9 \u00e0 12 kilom\u00e8tres \u00e0 l&rsquo;ouest de Brest, et \u00e0 un peu plus d&rsquo;un kilom\u00e8tre au nord du bourg de Locmaria-Plouzan\u00e9. La construction primitive date du 14\u00e8me si\u00e8cle; elle a &hellip; <a href=\"http:\/\/manoirdekerscao.fr\/index.php\/situation-2\/\">Continuer la lecture <span class=\"meta-nav\">&rarr;<\/span><\/a><\/p>\n","protected":false},"author":1,"featured_media":0,"parent":0,"menu_order":0,"comment_status":"closed","ping_status":"closed","template":"","meta":{"footnotes":""},"class_list":["post-22","page","type-page","status-publish","hentry"],"_links":{"self":[{"href":"http:\/\/manoirdekerscao.fr\/index.php\/wp-json\/wp\/v2\/pages\/22","targetHints":{"allow":["GET"]}}],"collection":[{"href":"http:\/\/manoirdekerscao.fr\/index.php\/wp-json\/wp\/v2\/pages"}],"about":[{"href":"http:\/\/manoirdekerscao.fr\/index.php\/wp-json\/wp\/v2\/types\/page"}],"author":[{"embeddable":true,"href":"http:\/\/manoirdekerscao.fr\/index.php\/wp-json\/wp\/v2\/users\/1"}],"replies":[{"embeddable":true,"href":"http:\/\/manoirdekerscao.fr\/index.php\/wp-json\/wp\/v2\/comments?post=22"}],"version-history":[{"count":4,"href":"http:\/\/manoirdekerscao.fr\/index.php\/wp-json\/wp\/v2\/pages\/22\/revisions"}],"predecessor-version":[{"id":486,"href":"http:\/\/manoirdekerscao.fr\/index.php\/wp-json\/wp\/v2\/pages\/22\/revisions\/486"}],"wp:attachment":[{"href":"http:\/\/manoirdekerscao.fr\/index.php\/wp-json\/wp\/v2\/media?parent=22"}],"curies":[{"name":"wp","href":"https:\/\/api.w.org\/{rel}","templated":true}]}}