{"id":25,"date":"2021-11-11T17:20:25","date_gmt":"2021-11-11T16:20:25","guid":{"rendered":"http:\/\/manoirdekerscao.fr\/?page_id=25"},"modified":"2025-05-06T09:06:12","modified_gmt":"2025-05-06T07:06:12","slug":"les-proprietaires","status":"publish","type":"page","link":"http:\/\/manoirdekerscao.fr\/index.php\/les-proprietaires\/","title":{"rendered":"Propri\u00e9taires"},"content":{"rendered":"<p>Le manoir de Kerscao \u00e9tait habit\u00e9 par les <strong>Kerscau<\/strong> jusqu\u2019en 1427, puis par les Quilbignon\u00a0; il passe par alliance aux <strong>Kerguiziau de Kerscao<\/strong> en 1468, date de la premi\u00e8re restauration, puis aux <strong>Kersauzon<\/strong>, et enfin \u00e0 Ren\u00e9 de<strong> Montbouchet<\/strong> en 1776. Kerscao a \u00e9t\u00e9 mis en fermage d\u00e8s 1743. Vendu comme bien national \u00e0 la r\u00e9volution \u00e0 madame Julienne Le Fran\u00e7ois, il \u00e9tait alors lou\u00e9 \u00e0 Guillaume Le Guen, fermier, dont les successeurs habitant le manoir \u00e0 l\u2019\u00e9poque moderne \u00e9taient les familles Lannuzel et Le Gall Philipot. Kerscao a \u00e9t\u00e9 achet\u00e9 en 1844 par No\u00ebl <strong>M\u00e9vel<\/strong>, arri\u00e8re grand-p\u00e8re de <strong>San\u00e9 de Parcevaux<\/strong> qui en a entrepris la restauration en 1977. Suite \u00e0 son d\u00e9c\u00e8s en 2020, le manoir est repris par sa fille a\u00een\u00e9e Anne de Parcevaux Duthoit.<\/p>\n<p><img loading=\"lazy\" decoding=\"async\" class=\"alignnone size-full wp-image-374\" src=\"http:\/\/manoirdekerscao.fr\/wp-content\/uploads\/2024\/11\/Kerscao-Francois-et-Anne-Duthoit-sur-Ouest-France.jpg\" alt=\"\" width=\"1005\" height=\"652\" srcset=\"http:\/\/manoirdekerscao.fr\/wp-content\/uploads\/2024\/11\/Kerscao-Francois-et-Anne-Duthoit-sur-Ouest-France.jpg 1005w, http:\/\/manoirdekerscao.fr\/wp-content\/uploads\/2024\/11\/Kerscao-Francois-et-Anne-Duthoit-sur-Ouest-France-300x195.jpg 300w, http:\/\/manoirdekerscao.fr\/wp-content\/uploads\/2024\/11\/Kerscao-Francois-et-Anne-Duthoit-sur-Ouest-France-768x498.jpg 768w\" sizes=\"auto, (max-width: 1005px) 100vw, 1005px\" \/><\/p>\n","protected":false},"excerpt":{"rendered":"<p>Le manoir de Kerscao \u00e9tait habit\u00e9 par les Kerscau jusqu\u2019en 1427, puis par les Quilbignon\u00a0; il passe par alliance aux Kerguiziau de Kerscao en 1468, date de la premi\u00e8re restauration, puis aux Kersauzon, et enfin \u00e0 Ren\u00e9 de Montbouchet en &hellip; <a href=\"http:\/\/manoirdekerscao.fr\/index.php\/les-proprietaires\/\">Continuer la lecture <span class=\"meta-nav\">&rarr;<\/span><\/a><\/p>\n","protected":false},"author":1,"featured_media":0,"parent":0,"menu_order":0,"comment_status":"closed","ping_status":"closed","template":"","meta":{"footnotes":""},"class_list":["post-25","page","type-page","status-publish","hentry"],"_links":{"self":[{"href":"http:\/\/manoirdekerscao.fr\/index.php\/wp-json\/wp\/v2\/pages\/25","targetHints":{"allow":["GET"]}}],"collection":[{"href":"http:\/\/manoirdekerscao.fr\/index.php\/wp-json\/wp\/v2\/pages"}],"about":[{"href":"http:\/\/manoirdekerscao.fr\/index.php\/wp-json\/wp\/v2\/types\/page"}],"author":[{"embeddable":true,"href":"http:\/\/manoirdekerscao.fr\/index.php\/wp-json\/wp\/v2\/users\/1"}],"replies":[{"embeddable":true,"href":"http:\/\/manoirdekerscao.fr\/index.php\/wp-json\/wp\/v2\/comments?post=25"}],"version-history":[{"count":6,"href":"http:\/\/manoirdekerscao.fr\/index.php\/wp-json\/wp\/v2\/pages\/25\/revisions"}],"predecessor-version":[{"id":376,"href":"http:\/\/manoirdekerscao.fr\/index.php\/wp-json\/wp\/v2\/pages\/25\/revisions\/376"}],"wp:attachment":[{"href":"http:\/\/manoirdekerscao.fr\/index.php\/wp-json\/wp\/v2\/media?parent=25"}],"curies":[{"name":"wp","href":"https:\/\/api.w.org\/{rel}","templated":true}]}}