{"id":32,"date":"2021-11-11T18:58:00","date_gmt":"2021-11-11T17:58:00","guid":{"rendered":"http:\/\/manoirdekerscao.fr\/?page_id=32"},"modified":"2025-05-06T09:06:12","modified_gmt":"2025-05-06T07:06:12","slug":"la-chapelle","status":"publish","type":"page","link":"http:\/\/manoirdekerscao.fr\/index.php\/la-chapelle\/","title":{"rendered":"4 &#8211; Chapelle"},"content":{"rendered":"<p><img loading=\"lazy\" decoding=\"async\" class=\" wp-image-33\" src=\"http:\/\/manoirdekerscao.fr\/wp-content\/uploads\/2021\/11\/DJI_0181-zoom-300x234.jpg\" alt=\"\" width=\"268\" height=\"209\" srcset=\"http:\/\/manoirdekerscao.fr\/wp-content\/uploads\/2021\/11\/DJI_0181-zoom-300x234.jpg 300w, http:\/\/manoirdekerscao.fr\/wp-content\/uploads\/2021\/11\/DJI_0181-zoom-1024x799.jpg 1024w, http:\/\/manoirdekerscao.fr\/wp-content\/uploads\/2021\/11\/DJI_0181-zoom-768x600.jpg 768w, http:\/\/manoirdekerscao.fr\/wp-content\/uploads\/2021\/11\/DJI_0181-zoom.jpg 1290w\" sizes=\"auto, (max-width: 268px) 100vw, 268px\" \/><\/p>\n<p>La<strong> chapelle<\/strong>, restaur\u00e9e en 2005, poss\u00e8de cinq fen\u00eatres dont trois en ogive de kersantite munies de vitraux. Le sol est pav\u00e9 de carreaux de gr\u00e8s \u00e9maill\u00e9 sur lesquels on rel\u00e8ve des dessins en relief dont la juxtaposition retrace les armes accol\u00e9es de la famille de Kerguiziau de Kerscao, \u00e0 gauche (d&rsquo;azur \u00e0 trois t\u00eates d&rsquo;aigle arrach\u00e9es d&rsquo;or) et de la famille du Louet \u00e0 droite (fasc\u00e9 de vair et de gueules). Ces armes, correspondent \u00e0 un mariage c\u00e9l\u00e9br\u00e9 en 1590.<\/p>\n<p><img loading=\"lazy\" decoding=\"async\" class=\"alignnone  wp-image-40\" src=\"http:\/\/manoirdekerscao.fr\/wp-content\/uploads\/2021\/11\/DSC00271-300x225.jpg\" alt=\"\" width=\"194\" height=\"146\" srcset=\"http:\/\/manoirdekerscao.fr\/wp-content\/uploads\/2021\/11\/DSC00271-300x225.jpg 300w, http:\/\/manoirdekerscao.fr\/wp-content\/uploads\/2021\/11\/DSC00271-1024x768.jpg 1024w, http:\/\/manoirdekerscao.fr\/wp-content\/uploads\/2021\/11\/DSC00271-768x576.jpg 768w, http:\/\/manoirdekerscao.fr\/wp-content\/uploads\/2021\/11\/DSC00271-1536x1152.jpg 1536w, http:\/\/manoirdekerscao.fr\/wp-content\/uploads\/2021\/11\/DSC00271-2048x1536.jpg 2048w\" sizes=\"auto, (max-width: 194px) 100vw, 194px\" \/><img loading=\"lazy\" decoding=\"async\" class=\" wp-image-42\" src=\"http:\/\/manoirdekerscao.fr\/wp-content\/uploads\/2021\/11\/PA010652-199x300.jpg\" alt=\"\" width=\"96\" height=\"145\" srcset=\"http:\/\/manoirdekerscao.fr\/wp-content\/uploads\/2021\/11\/PA010652-199x300.jpg 199w, http:\/\/manoirdekerscao.fr\/wp-content\/uploads\/2021\/11\/PA010652-680x1024.jpg 680w, http:\/\/manoirdekerscao.fr\/wp-content\/uploads\/2021\/11\/PA010652-768x1157.jpg 768w, http:\/\/manoirdekerscao.fr\/wp-content\/uploads\/2021\/11\/PA010652-1020x1536.jpg 1020w, http:\/\/manoirdekerscao.fr\/wp-content\/uploads\/2021\/11\/PA010652.jpg 1360w\" sizes=\"auto, (max-width: 96px) 100vw, 96px\" \/><img loading=\"lazy\" decoding=\"async\" class=\" wp-image-43\" src=\"http:\/\/manoirdekerscao.fr\/wp-content\/uploads\/2021\/11\/P6111059-199x300.jpg\" alt=\"\" width=\"96\" height=\"145\" srcset=\"http:\/\/manoirdekerscao.fr\/wp-content\/uploads\/2021\/11\/P6111059-199x300.jpg 199w, http:\/\/manoirdekerscao.fr\/wp-content\/uploads\/2021\/11\/P6111059-680x1024.jpg 680w, http:\/\/manoirdekerscao.fr\/wp-content\/uploads\/2021\/11\/P6111059-768x1157.jpg 768w, http:\/\/manoirdekerscao.fr\/wp-content\/uploads\/2021\/11\/P6111059-1020x1536.jpg 1020w, http:\/\/manoirdekerscao.fr\/wp-content\/uploads\/2021\/11\/P6111059.jpg 1360w\" sizes=\"auto, (max-width: 96px) 100vw, 96px\" \/><img loading=\"lazy\" decoding=\"async\" class=\" wp-image-41\" src=\"http:\/\/manoirdekerscao.fr\/wp-content\/uploads\/2021\/11\/PA020677-carrelage-chapelle-300x199.jpg\" alt=\"\" width=\"219\" height=\"145\" srcset=\"http:\/\/manoirdekerscao.fr\/wp-content\/uploads\/2021\/11\/PA020677-carrelage-chapelle-300x199.jpg 300w, http:\/\/manoirdekerscao.fr\/wp-content\/uploads\/2021\/11\/PA020677-carrelage-chapelle-1024x680.jpg 1024w, http:\/\/manoirdekerscao.fr\/wp-content\/uploads\/2021\/11\/PA020677-carrelage-chapelle-768x510.jpg 768w, http:\/\/manoirdekerscao.fr\/wp-content\/uploads\/2021\/11\/PA020677-carrelage-chapelle-1536x1020.jpg 1536w, http:\/\/manoirdekerscao.fr\/wp-content\/uploads\/2021\/11\/PA020677-carrelage-chapelle.jpg 2048w\" sizes=\"auto, (max-width: 219px) 100vw, 219px\" \/><\/p>\n<p>&nbsp;<\/p>\n<p>&nbsp;<\/p>\n<p>&nbsp;<\/p>\n","protected":false},"excerpt":{"rendered":"<p>La chapelle, restaur\u00e9e en 2005, poss\u00e8de cinq fen\u00eatres dont trois en ogive de kersantite munies de vitraux. Le sol est pav\u00e9 de carreaux de gr\u00e8s \u00e9maill\u00e9 sur lesquels on rel\u00e8ve des dessins en relief dont la juxtaposition retrace les armes &hellip; <a href=\"http:\/\/manoirdekerscao.fr\/index.php\/la-chapelle\/\">Continuer la lecture <span class=\"meta-nav\">&rarr;<\/span><\/a><\/p>\n","protected":false},"author":1,"featured_media":0,"parent":0,"menu_order":0,"comment_status":"closed","ping_status":"closed","template":"","meta":{"footnotes":""},"class_list":["post-32","page","type-page","status-publish","hentry"],"_links":{"self":[{"href":"http:\/\/manoirdekerscao.fr\/index.php\/wp-json\/wp\/v2\/pages\/32","targetHints":{"allow":["GET"]}}],"collection":[{"href":"http:\/\/manoirdekerscao.fr\/index.php\/wp-json\/wp\/v2\/pages"}],"about":[{"href":"http:\/\/manoirdekerscao.fr\/index.php\/wp-json\/wp\/v2\/types\/page"}],"author":[{"embeddable":true,"href":"http:\/\/manoirdekerscao.fr\/index.php\/wp-json\/wp\/v2\/users\/1"}],"replies":[{"embeddable":true,"href":"http:\/\/manoirdekerscao.fr\/index.php\/wp-json\/wp\/v2\/comments?post=32"}],"version-history":[{"count":5,"href":"http:\/\/manoirdekerscao.fr\/index.php\/wp-json\/wp\/v2\/pages\/32\/revisions"}],"predecessor-version":[{"id":76,"href":"http:\/\/manoirdekerscao.fr\/index.php\/wp-json\/wp\/v2\/pages\/32\/revisions\/76"}],"wp:attachment":[{"href":"http:\/\/manoirdekerscao.fr\/index.php\/wp-json\/wp\/v2\/media?parent=32"}],"curies":[{"name":"wp","href":"https:\/\/api.w.org\/{rel}","templated":true}]}}