{"id":322,"date":"2024-08-30T10:17:40","date_gmt":"2024-08-30T08:17:40","guid":{"rendered":"http:\/\/manoirdekerscao.fr\/?page_id=322"},"modified":"2026-04-14T22:22:40","modified_gmt":"2026-04-14T20:22:40","slug":"6-concerts","status":"publish","type":"page","link":"http:\/\/manoirdekerscao.fr\/index.php\/6-concerts\/","title":{"rendered":"6 &#8211; Travaux"},"content":{"rendered":"<h2><strong>R\u00e9paration de la toiture endommag\u00e9e par la temp\u00eate Ciran (2026)<\/strong><\/h2>\n<p><img loading=\"lazy\" decoding=\"async\" class=\"alignnone size-large wp-image-475\" src=\"http:\/\/manoirdekerscao.fr\/wp-content\/uploads\/2026\/04\/Capture-decran-2026-04-14-222029-1024x828.png\" alt=\"\" width=\"640\" height=\"518\" srcset=\"http:\/\/manoirdekerscao.fr\/wp-content\/uploads\/2026\/04\/Capture-decran-2026-04-14-222029-1024x828.png 1024w, http:\/\/manoirdekerscao.fr\/wp-content\/uploads\/2026\/04\/Capture-decran-2026-04-14-222029-300x243.png 300w, http:\/\/manoirdekerscao.fr\/wp-content\/uploads\/2026\/04\/Capture-decran-2026-04-14-222029-768x621.png 768w, http:\/\/manoirdekerscao.fr\/wp-content\/uploads\/2026\/04\/Capture-decran-2026-04-14-222029.png 1324w\" sizes=\"auto, (max-width: 640px) 100vw, 640px\" \/><\/p>\n<p><img loading=\"lazy\" decoding=\"async\" class=\"alignnone size-large wp-image-474\" src=\"http:\/\/manoirdekerscao.fr\/wp-content\/uploads\/2026\/04\/Capture-decran-2026-04-14-221835-1024x574.png\" alt=\"\" width=\"640\" height=\"359\" srcset=\"http:\/\/manoirdekerscao.fr\/wp-content\/uploads\/2026\/04\/Capture-decran-2026-04-14-221835-1024x574.png 1024w, http:\/\/manoirdekerscao.fr\/wp-content\/uploads\/2026\/04\/Capture-decran-2026-04-14-221835-300x168.png 300w, http:\/\/manoirdekerscao.fr\/wp-content\/uploads\/2026\/04\/Capture-decran-2026-04-14-221835-768x430.png 768w, http:\/\/manoirdekerscao.fr\/wp-content\/uploads\/2026\/04\/Capture-decran-2026-04-14-221835-1536x861.png 1536w, http:\/\/manoirdekerscao.fr\/wp-content\/uploads\/2026\/04\/Capture-decran-2026-04-14-221835.png 1913w\" sizes=\"auto, (max-width: 640px) 100vw, 640px\" \/><\/p>\n<h2 class=\"entry-title\"><strong>R\u00e9paration du mur d&rsquo;enceinte d\u00e9truit par la temp\u00eate Ciaran (2026)<\/strong><\/h2>\n<p class=\"entry-meta\">Avec le soutien de la DRAC, les travaux de relevage du mur ont repris. Voici le r\u00e9sultat :<\/p>\n<p><img loading=\"lazy\" decoding=\"async\" class=\"alignnone size-large wp-image-472\" src=\"http:\/\/manoirdekerscao.fr\/wp-content\/uploads\/2026\/04\/Capture-decran-2026-04-14-212938-1024x684.png\" alt=\"\" width=\"640\" height=\"428\" srcset=\"http:\/\/manoirdekerscao.fr\/wp-content\/uploads\/2026\/04\/Capture-decran-2026-04-14-212938-1024x684.png 1024w, http:\/\/manoirdekerscao.fr\/wp-content\/uploads\/2026\/04\/Capture-decran-2026-04-14-212938-300x200.png 300w, http:\/\/manoirdekerscao.fr\/wp-content\/uploads\/2026\/04\/Capture-decran-2026-04-14-212938-768x513.png 768w, http:\/\/manoirdekerscao.fr\/wp-content\/uploads\/2026\/04\/Capture-decran-2026-04-14-212938.png 1172w\" sizes=\"auto, (max-width: 640px) 100vw, 640px\" \/><img loading=\"lazy\" decoding=\"async\" class=\"alignnone size-large wp-image-471\" src=\"http:\/\/manoirdekerscao.fr\/wp-content\/uploads\/2026\/04\/Capture-decran-2026-04-14-212724-1024x710.png\" alt=\"\" width=\"640\" height=\"444\" srcset=\"http:\/\/manoirdekerscao.fr\/wp-content\/uploads\/2026\/04\/Capture-decran-2026-04-14-212724-1024x710.png 1024w, http:\/\/manoirdekerscao.fr\/wp-content\/uploads\/2026\/04\/Capture-decran-2026-04-14-212724-300x208.png 300w, http:\/\/manoirdekerscao.fr\/wp-content\/uploads\/2026\/04\/Capture-decran-2026-04-14-212724-768x532.png 768w, http:\/\/manoirdekerscao.fr\/wp-content\/uploads\/2026\/04\/Capture-decran-2026-04-14-212724.png 1167w\" sizes=\"auto, (max-width: 640px) 100vw, 640px\" \/><\/p>\n<h2 class=\"entry-title\"><strong>Une porte d\u2019entr\u00e9e remise \u00e0 neuf, un po\u00eale dans la chambre au baldaquin (2024)<br \/>\n<\/strong><\/h2>\n<p class=\"entry-meta\">Avec le soutien de la DRAC, la porte d\u2019entr\u00e9e a \u00e9t\u00e9 restaur\u00e9e. Pendant ce temps, un po\u00eale \u00e0 granul\u00e9s a \u00e9t\u00e9 install\u00e9 dans la chambre au baldaquin.<\/p>\n<div class=\"entry-content\">\n<p><img loading=\"lazy\" decoding=\"async\" class=\"alignnone wp-image-277\" src=\"http:\/\/manoirdekerscao.fr\/wp-content\/uploads\/2024\/05\/IMG-20240425-WA0010-768x1024.jpg\" sizes=\"auto, (max-width: 166px) 100vw, 166px\" srcset=\"http:\/\/manoirdekerscao.fr\/wp-content\/uploads\/2024\/05\/IMG-20240425-WA0010-768x1024.jpg 768w, http:\/\/manoirdekerscao.fr\/wp-content\/uploads\/2024\/05\/IMG-20240425-WA0010-225x300.jpg 225w, http:\/\/manoirdekerscao.fr\/wp-content\/uploads\/2024\/05\/IMG-20240425-WA0010-1152x1536.jpg 1152w, http:\/\/manoirdekerscao.fr\/wp-content\/uploads\/2024\/05\/IMG-20240425-WA0010.jpg 1536w\" alt=\"\" width=\"166\" height=\"221\" \/><img loading=\"lazy\" decoding=\"async\" class=\"alignnone wp-image-278\" src=\"http:\/\/manoirdekerscao.fr\/wp-content\/uploads\/2024\/05\/IMG-20240423-WA0001-1024x768.jpg\" sizes=\"auto, (max-width: 295px) 100vw, 295px\" srcset=\"http:\/\/manoirdekerscao.fr\/wp-content\/uploads\/2024\/05\/IMG-20240423-WA0001-1024x768.jpg 1024w, http:\/\/manoirdekerscao.fr\/wp-content\/uploads\/2024\/05\/IMG-20240423-WA0001-300x225.jpg 300w, http:\/\/manoirdekerscao.fr\/wp-content\/uploads\/2024\/05\/IMG-20240423-WA0001-768x576.jpg 768w, http:\/\/manoirdekerscao.fr\/wp-content\/uploads\/2024\/05\/IMG-20240423-WA0001-1536x1152.jpg 1536w, http:\/\/manoirdekerscao.fr\/wp-content\/uploads\/2024\/05\/IMG-20240423-WA0001.jpg 2048w\" alt=\"\" width=\"295\" height=\"221\" \/><img loading=\"lazy\" decoding=\"async\" class=\"alignnone wp-image-279\" src=\"http:\/\/manoirdekerscao.fr\/wp-content\/uploads\/2024\/05\/IMG-20240326-WA0017-768x1024.jpg\" sizes=\"auto, (max-width: 166px) 100vw, 166px\" srcset=\"http:\/\/manoirdekerscao.fr\/wp-content\/uploads\/2024\/05\/IMG-20240326-WA0017-768x1024.jpg 768w, http:\/\/manoirdekerscao.fr\/wp-content\/uploads\/2024\/05\/IMG-20240326-WA0017-225x300.jpg 225w, http:\/\/manoirdekerscao.fr\/wp-content\/uploads\/2024\/05\/IMG-20240326-WA0017-1152x1536.jpg 1152w, http:\/\/manoirdekerscao.fr\/wp-content\/uploads\/2024\/05\/IMG-20240326-WA0017.jpg 1536w\" alt=\"\" width=\"166\" height=\"222\" \/><\/p>\n<\/div>\n<h2><strong>Installation de nouveaux lustres (2023)<\/strong><\/h2>\n<div class=\"entry-content\">\n<p>Les nouveaux lustres sont install\u00e9s dans la Grande cuisine et dans la Grande Salle.<\/p>\n<p><img loading=\"lazy\" decoding=\"async\" class=\"alignnone size-large wp-image-236\" src=\"http:\/\/manoirdekerscao.fr\/wp-content\/uploads\/2023\/08\/Grande-Cuisine-1024x338.png\" sizes=\"auto, (max-width: 640px) 100vw, 640px\" srcset=\"http:\/\/manoirdekerscao.fr\/wp-content\/uploads\/2023\/08\/Grande-Cuisine-1024x338.png 1024w, http:\/\/manoirdekerscao.fr\/wp-content\/uploads\/2023\/08\/Grande-Cuisine-300x99.png 300w, http:\/\/manoirdekerscao.fr\/wp-content\/uploads\/2023\/08\/Grande-Cuisine-768x253.png 768w, http:\/\/manoirdekerscao.fr\/wp-content\/uploads\/2023\/08\/Grande-Cuisine-1536x507.png 1536w, http:\/\/manoirdekerscao.fr\/wp-content\/uploads\/2023\/08\/Grande-Cuisine.png 1746w\" alt=\"\" width=\"640\" height=\"211\" \/><\/p>\n<p><img loading=\"lazy\" decoding=\"async\" class=\"alignnone size-large wp-image-237\" src=\"http:\/\/manoirdekerscao.fr\/wp-content\/uploads\/2023\/08\/Grande-Salle-1024x308.png\" sizes=\"auto, (max-width: 640px) 100vw, 640px\" srcset=\"http:\/\/manoirdekerscao.fr\/wp-content\/uploads\/2023\/08\/Grande-Salle-1024x308.png 1024w, http:\/\/manoirdekerscao.fr\/wp-content\/uploads\/2023\/08\/Grande-Salle-300x90.png 300w, http:\/\/manoirdekerscao.fr\/wp-content\/uploads\/2023\/08\/Grande-Salle-768x231.png 768w, http:\/\/manoirdekerscao.fr\/wp-content\/uploads\/2023\/08\/Grande-Salle-1536x462.png 1536w, http:\/\/manoirdekerscao.fr\/wp-content\/uploads\/2023\/08\/Grande-Salle.png 1694w\" alt=\"\" width=\"640\" height=\"193\" \/><\/p>\n<\/div>\n<h2><strong>R\u00e9fection de la calotte du colombier (2022)<\/strong><\/h2>\n<div class=\"entry-content\">\n<p>La v\u00e9g\u00e9tation a fini par ab\u00eemer le colombier. Avec l\u2019aide des Monuments Historiques, une premi\u00e8re r\u00e9paration en 2005 a consist\u00e9 \u00e0 \u00f4ter les reste d\u2019un ch\u00eane qui avait pris racine dans le mur c\u00f4t\u00e9 sud. Mais la calotte \u00e9tait envahie, malgr\u00e9 les tentatives pour en retirer la v\u00e9g\u00e9tation chaque ann\u00e9e. Avec encore une fois le soutien des monuments historiques, il a \u00e9t\u00e9 d\u00e9cid\u00e9 de r\u00e9parer la calotte, car cette v\u00e9g\u00e9tation avait fini par mettre en danger l\u2019int\u00e9grit\u00e9 structurelle du colombier.<\/p>\n<p><img loading=\"lazy\" decoding=\"async\" class=\"alignnone size-large wp-image-119\" src=\"http:\/\/manoirdekerscao.fr\/wp-content\/uploads\/2022\/12\/Reportage-Colombier-765x1024.jpg\" sizes=\"auto, (max-width: 640px) 100vw, 640px\" srcset=\"http:\/\/manoirdekerscao.fr\/wp-content\/uploads\/2022\/12\/Reportage-Colombier-765x1024.jpg 765w, http:\/\/manoirdekerscao.fr\/wp-content\/uploads\/2022\/12\/Reportage-Colombier-224x300.jpg 224w, http:\/\/manoirdekerscao.fr\/wp-content\/uploads\/2022\/12\/Reportage-Colombier-768x1027.jpg 768w, http:\/\/manoirdekerscao.fr\/wp-content\/uploads\/2022\/12\/Reportage-Colombier-1148x1536.jpg 1148w, http:\/\/manoirdekerscao.fr\/wp-content\/uploads\/2022\/12\/Reportage-Colombier-1531x2048.jpg 1531w, http:\/\/manoirdekerscao.fr\/wp-content\/uploads\/2022\/12\/Reportage-Colombier-scaled.jpg 1913w\" alt=\"\" width=\"640\" height=\"857\" \/><\/p>\n<\/div>\n<p>&nbsp;<\/p>\n<h2><strong>R\u00e9fection de la toiture des communs (2021)<br \/>\n<\/strong><\/h2>\n<p>La toiture des communs avait subi des d\u00e9g\u00e2ts importants lors de la temp\u00eate Alex, il a fallu refaire une nouvelle charpente (en ch\u00eane) et une couverture en ardoises (clout\u00e9es cuivre). Travaux soutenus par la DRAC.<\/p>\n<p>Les photos montrent l\u2019\u00e9volution de l\u2019\u00e9tat initial jusqu\u2019\u00e0 l\u2019\u00e9tat final.<\/p>\n<p><img loading=\"lazy\" decoding=\"async\" class=\"alignnone size-large wp-image-120\" src=\"http:\/\/manoirdekerscao.fr\/wp-content\/uploads\/2022\/12\/Reportage-grange-754x1024.jpg\" alt=\"\" width=\"640\" height=\"869\" srcset=\"http:\/\/manoirdekerscao.fr\/wp-content\/uploads\/2022\/12\/Reportage-grange-754x1024.jpg 754w, http:\/\/manoirdekerscao.fr\/wp-content\/uploads\/2022\/12\/Reportage-grange-221x300.jpg 221w, http:\/\/manoirdekerscao.fr\/wp-content\/uploads\/2022\/12\/Reportage-grange-768x1043.jpg 768w, http:\/\/manoirdekerscao.fr\/wp-content\/uploads\/2022\/12\/Reportage-grange-1131x1536.jpg 1131w, http:\/\/manoirdekerscao.fr\/wp-content\/uploads\/2022\/12\/Reportage-grange-1508x2048.jpg 1508w, http:\/\/manoirdekerscao.fr\/wp-content\/uploads\/2022\/12\/Reportage-grange-scaled.jpg 1885w\" sizes=\"auto, (max-width: 640px) 100vw, 640px\" \/><\/p>\n<h2><strong>Restauration de la chapelle (2005)<\/strong><\/h2>\n<p>Travaux soutenus par les Monuments Historiques Bretagne.<\/p>\n<p>Etat initial :<\/p>\n<p><img loading=\"lazy\" decoding=\"async\" class=\"alignnone wp-image-162\" src=\"http:\/\/manoirdekerscao.fr\/wp-content\/uploads\/2023\/04\/Chapelle-02-1977-1024x678.jpg\" alt=\"\" width=\"203\" height=\"135\" srcset=\"http:\/\/manoirdekerscao.fr\/wp-content\/uploads\/2023\/04\/Chapelle-02-1977-1024x678.jpg 1024w, http:\/\/manoirdekerscao.fr\/wp-content\/uploads\/2023\/04\/Chapelle-02-1977-300x198.jpg 300w, http:\/\/manoirdekerscao.fr\/wp-content\/uploads\/2023\/04\/Chapelle-02-1977-768x508.jpg 768w, http:\/\/manoirdekerscao.fr\/wp-content\/uploads\/2023\/04\/Chapelle-02-1977.jpg 1324w\" sizes=\"auto, (max-width: 203px) 100vw, 203px\" \/> <img loading=\"lazy\" decoding=\"async\" class=\"alignnone wp-image-161\" src=\"http:\/\/manoirdekerscao.fr\/wp-content\/uploads\/2023\/04\/Chapelle-03-1977-1024x683.jpg\" alt=\"\" width=\"201\" height=\"134\" srcset=\"http:\/\/manoirdekerscao.fr\/wp-content\/uploads\/2023\/04\/Chapelle-03-1977-1024x683.jpg 1024w, http:\/\/manoirdekerscao.fr\/wp-content\/uploads\/2023\/04\/Chapelle-03-1977-300x200.jpg 300w, http:\/\/manoirdekerscao.fr\/wp-content\/uploads\/2023\/04\/Chapelle-03-1977-768x512.jpg 768w, http:\/\/manoirdekerscao.fr\/wp-content\/uploads\/2023\/04\/Chapelle-03-1977-1536x1024.jpg 1536w, http:\/\/manoirdekerscao.fr\/wp-content\/uploads\/2023\/04\/Chapelle-03-1977.jpg 1771w\" sizes=\"auto, (max-width: 201px) 100vw, 201px\" \/> <img loading=\"lazy\" decoding=\"async\" class=\"alignnone wp-image-165\" src=\"http:\/\/manoirdekerscao.fr\/wp-content\/uploads\/2023\/04\/Car98B14-1024x683.jpg\" alt=\"\" width=\"201\" height=\"134\" \/><\/p>\n<p>Etat final :<\/p>\n<p><img loading=\"lazy\" decoding=\"async\" class=\"alignnone wp-image-159 \" src=\"http:\/\/manoirdekerscao.fr\/wp-content\/uploads\/2023\/04\/P8250472-Chapelle-travaux-Aug-2004-e1680535013450-812x1024.jpg\" alt=\"\" width=\"130\" height=\"164\" srcset=\"http:\/\/manoirdekerscao.fr\/wp-content\/uploads\/2023\/04\/P8250472-Chapelle-travaux-Aug-2004-e1680535013450-812x1024.jpg 812w, http:\/\/manoirdekerscao.fr\/wp-content\/uploads\/2023\/04\/P8250472-Chapelle-travaux-Aug-2004-e1680535013450-238x300.jpg 238w, http:\/\/manoirdekerscao.fr\/wp-content\/uploads\/2023\/04\/P8250472-Chapelle-travaux-Aug-2004-e1680535013450-768x969.jpg 768w, http:\/\/manoirdekerscao.fr\/wp-content\/uploads\/2023\/04\/P8250472-Chapelle-travaux-Aug-2004-e1680535013450.jpg 1132w\" sizes=\"auto, (max-width: 130px) 100vw, 130px\" \/> <img loading=\"lazy\" decoding=\"async\" class=\"alignnone wp-image-160\" src=\"http:\/\/manoirdekerscao.fr\/wp-content\/uploads\/2023\/04\/DJI_0181-zoom-Chapelle-1024x799.jpg\" alt=\"\" width=\"212\" height=\"165\" \/> <img loading=\"lazy\" decoding=\"async\" class=\" wp-image-168\" src=\"http:\/\/manoirdekerscao.fr\/wp-content\/uploads\/2023\/04\/10-Vitrail-principal-680x1024.jpg\" alt=\"\" width=\"110\" height=\"165\" srcset=\"http:\/\/manoirdekerscao.fr\/wp-content\/uploads\/2023\/04\/10-Vitrail-principal-680x1024.jpg 680w, http:\/\/manoirdekerscao.fr\/wp-content\/uploads\/2023\/04\/10-Vitrail-principal-199x300.jpg 199w, http:\/\/manoirdekerscao.fr\/wp-content\/uploads\/2023\/04\/10-Vitrail-principal-768x1157.jpg 768w, http:\/\/manoirdekerscao.fr\/wp-content\/uploads\/2023\/04\/10-Vitrail-principal-1020x1536.jpg 1020w, http:\/\/manoirdekerscao.fr\/wp-content\/uploads\/2023\/04\/10-Vitrail-principal.jpg 1360w\" sizes=\"auto, (max-width: 110px) 100vw, 110px\" \/>\u00a0<img loading=\"lazy\" decoding=\"async\" class=\"alignnone wp-image-169\" src=\"http:\/\/manoirdekerscao.fr\/wp-content\/uploads\/2023\/04\/08-Dallage-restaure-scaled-e1680535447279-870x1024.jpg\" alt=\"\" width=\"140\" height=\"164\" srcset=\"http:\/\/manoirdekerscao.fr\/wp-content\/uploads\/2023\/04\/08-Dallage-restaure-scaled-e1680535447279-870x1024.jpg 870w, http:\/\/manoirdekerscao.fr\/wp-content\/uploads\/2023\/04\/08-Dallage-restaure-scaled-e1680535447279-255x300.jpg 255w, http:\/\/manoirdekerscao.fr\/wp-content\/uploads\/2023\/04\/08-Dallage-restaure-scaled-e1680535447279-768x904.jpg 768w, http:\/\/manoirdekerscao.fr\/wp-content\/uploads\/2023\/04\/08-Dallage-restaure-scaled-e1680535447279.jpg 1305w\" sizes=\"auto, (max-width: 140px) 100vw, 140px\" \/><\/p>\n<p>&nbsp;<\/p>\n<p>&nbsp;<\/p>\n<p>&nbsp;<\/p>\n","protected":false},"excerpt":{"rendered":"<p>R\u00e9paration de la toiture endommag\u00e9e par la temp\u00eate Ciran (2026) R\u00e9paration du mur d&rsquo;enceinte d\u00e9truit par la temp\u00eate Ciaran (2026) Avec le soutien de la DRAC, les travaux de relevage du mur ont repris. Voici le r\u00e9sultat : Une porte &hellip; <a href=\"http:\/\/manoirdekerscao.fr\/index.php\/6-concerts\/\">Continuer la lecture <span class=\"meta-nav\">&rarr;<\/span><\/a><\/p>\n","protected":false},"author":1,"featured_media":0,"parent":0,"menu_order":0,"comment_status":"closed","ping_status":"closed","template":"","meta":{"footnotes":""},"class_list":["post-322","page","type-page","status-publish","hentry"],"_links":{"self":[{"href":"http:\/\/manoirdekerscao.fr\/index.php\/wp-json\/wp\/v2\/pages\/322","targetHints":{"allow":["GET"]}}],"collection":[{"href":"http:\/\/manoirdekerscao.fr\/index.php\/wp-json\/wp\/v2\/pages"}],"about":[{"href":"http:\/\/manoirdekerscao.fr\/index.php\/wp-json\/wp\/v2\/types\/page"}],"author":[{"embeddable":true,"href":"http:\/\/manoirdekerscao.fr\/index.php\/wp-json\/wp\/v2\/users\/1"}],"replies":[{"embeddable":true,"href":"http:\/\/manoirdekerscao.fr\/index.php\/wp-json\/wp\/v2\/comments?post=322"}],"version-history":[{"count":12,"href":"http:\/\/manoirdekerscao.fr\/index.php\/wp-json\/wp\/v2\/pages\/322\/revisions"}],"predecessor-version":[{"id":476,"href":"http:\/\/manoirdekerscao.fr\/index.php\/wp-json\/wp\/v2\/pages\/322\/revisions\/476"}],"wp:attachment":[{"href":"http:\/\/manoirdekerscao.fr\/index.php\/wp-json\/wp\/v2\/media?parent=322"}],"curies":[{"name":"wp","href":"https:\/\/api.w.org\/{rel}","templated":true}]}}