{"id":325,"date":"2024-08-30T10:28:53","date_gmt":"2024-08-30T08:28:53","guid":{"rendered":"http:\/\/manoirdekerscao.fr\/?page_id=325"},"modified":"2026-04-14T23:01:21","modified_gmt":"2026-04-14T21:01:21","slug":"7-concerts","status":"publish","type":"page","link":"http:\/\/manoirdekerscao.fr\/index.php\/7-concerts\/","title":{"rendered":"7 &#8211; \u00c9v\u00e8nements et Concerts"},"content":{"rendered":"<div class=\"wa-comp wa-text wa-bg-gradient param[grad(rgba(0,0,0,0)) border(0 #969696)] \">\n<div>\n<p>Il est possible de privatiser le manoir pour un \u00e9v\u00e8nement, m\u00eame hors saison (r\u00e9union, repas, concert, \u2026). Nous contacter.<\/p>\n<p>tel : 06 74 36 30 58\u00a0 \u2013\u00a0\u00a0email : <a href=\"mailto:manoirdekerscao@gmail.fr\">manoirdekerscao@gmail.fr<\/a><\/p>\n<div class=\"wa-comp wa-text wa-bg-gradient param[grad(rgba(0,0,0,0)) border(0 #969696)] \">\n<div align=\"justify\">\n<h2 align=\"justify\">Saison 2026 : plusieurs \u00e9v\u00e8nements sont pr\u00e9vus (conteuse, th\u00e9atre, rassemblement de vieilles voitures&#8230;) consulter l&rsquo;onglet \u00ab\u00a0visites et \u00e9v\u00e8nements\u00a0\u00bb.<\/h2>\n<h2 align=\"justify\"><strong>CONCERT \u00e0 KERSCAO &#8211; 20 septembre 2025 \u00e0 17h<br \/>\n<\/strong><\/h2>\n<h3><span style=\"color: #ff0000;\"><em><strong>ATTENTION : le concert violon et piano du samedi 20 septembre 2025 a \u00e9t\u00e9 ANNULE.<\/strong><\/em><\/span><\/h3>\n<h3 align=\"justify\"><strong>L&rsquo;INSTANT EN DUO<\/strong><\/h3>\n<\/div>\n<div align=\"justify\">\n<p><strong><img loading=\"lazy\" decoding=\"async\" class=\" wp-image-456 alignleft\" src=\"http:\/\/manoirdekerscao.fr\/wp-content\/uploads\/2025\/08\/2025-09-20-Affiche.jpg\" alt=\"\" width=\"201\" height=\"284\" srcset=\"http:\/\/manoirdekerscao.fr\/wp-content\/uploads\/2025\/08\/2025-09-20-Affiche.jpg 720w, http:\/\/manoirdekerscao.fr\/wp-content\/uploads\/2025\/08\/2025-09-20-Affiche-213x300.jpg 213w\" sizes=\"auto, (max-width: 201px) 100vw, 201px\" \/>Laurence Allix<\/strong> (piano) et <strong>Jean-Marie Lions<\/strong> (violon) jouent Saint-Sa\u00ebns (Introduction et Rondo Capriccioso op. 28), Faur\u00e9 (sonate n\u00b01 op. 13\u00a0 en la majeur) et Ladmirault (Sonate).<\/p>\n<p>Paul Ladmirault (1877-1944), \u00e9l\u00e8ve de Faur\u00e9, est l&rsquo;un des compositeurs bretons les plus dou\u00e9s de son \u00e9poque.<\/p>\n<\/div>\n<\/div>\n<\/div>\n<\/div>\n<p>&nbsp;<\/p>\n<div class=\"wa-comp wa-text wa-bg-gradient param[grad(rgba(0,0,0,0)) border(0 #969696)] \">\n<div align=\"justify\"><\/div>\n<div>\n<div class=\"wa-comp wa-text wa-bg-gradient param[grad(rgba(0,0,0,0)) border(0 #969696)] \">\n<h2 align=\"justify\"><\/h2>\n<h2 align=\"justify\"><\/h2>\n<h2 align=\"justify\"><\/h2>\n<h2 align=\"justify\"><strong>PIECE DE THEATRE \u00e0 KERSCAO <\/strong><\/h2>\n<h2 align=\"justify\"><strong>14 septembre 2025 \u00e0 17h30<\/strong><\/h2>\n<h2 style=\"text-align: center;\" align=\"justify\"><strong>\u00ab\u00a0<em>La m\u00e8re des peintres<\/em>\u00ab\u00a0<\/strong><\/h2>\n<p><img loading=\"lazy\" decoding=\"async\" class=\"wp-image-444 alignleft\" src=\"http:\/\/manoirdekerscao.fr\/wp-content\/uploads\/2025\/08\/Presentation1-709x1024.png\" alt=\"\" width=\"230\" height=\"332\" srcset=\"http:\/\/manoirdekerscao.fr\/wp-content\/uploads\/2025\/08\/Presentation1-709x1024.png 709w, http:\/\/manoirdekerscao.fr\/wp-content\/uploads\/2025\/08\/Presentation1-208x300.png 208w, http:\/\/manoirdekerscao.fr\/wp-content\/uploads\/2025\/08\/Presentation1.png 720w\" sizes=\"auto, (max-width: 230px) 100vw, 230px\" \/>Dimanche 14 septembre \u00e0 17h30, au manoir de KERSCAO, se jouera une nouvelle pi\u00e8ce de th\u00e9\u00e2tre. Mise en sc\u00e8ne par Fran\u00e7oise Goussard, avec l\u2019aide de Nicolas Marais, cette cr\u00e9ation originale se d\u00e9roule \u00e0 Pont-Aven en ao\u00fbt 1888, et raconte la vie \u00e0 cette \u00e9poque dans la pension Gloanec tenue par Marie-Jeanne, surnomm\u00e9e la m\u00e8re des peintres , pr\u00e9cise la sc\u00e9nariste.<br \/>\nC\u00e9l\u00e8bre point de ralliement de peintres, tel que Paul Gauguin ou encore Paul S\u00e9rusier, cette pension avait la particularit\u00e9 d\u2019h\u00e9berger gracieusement, ou presque, les artistes peintres de l\u2019Europe enti\u00e8re.<br \/>\nHuis clos romanc\u00e9, la pi\u00e8ce rentrera dans l\u2019histoire par la petite porte : celle des gens de Pont-Aven, qui furent les mod\u00e8les involontaires des artistes. Le personnage de Marie-Jeanne, la tenanci\u00e8re, m\u2019a s\u00e9duit car c\u2019\u00e9tait quelqu\u2019un de l\u2019ombre, qui a permis de r\u00e9v\u00e9ler des artistes en les mettant en lumi\u00e8re.<br \/>\nUn microcosme atypique, dont les habitudes seront port\u00e9es sur sc\u00e8ne par les com\u00e9diens, habit\u00e9s par leurs personnages.<br \/>\nDimanche 14 septembre \u00e0 17h30, au manoir de KERSCAO, 370 route de Ploumoguer \u00e0 Locmaria Plouzan\u00e9.<\/p>\n<\/div>\n<h2 align=\"justify\"><strong>CONCERT \u00e0 KERSCAO &#8211; 5 octobre 2024 \u00e0 18h<br \/>\n<\/strong><\/h2>\n<h3 align=\"justify\"><strong>CABARET CLASSIQUE<\/strong><\/h3>\n<p align=\"justify\"><img loading=\"lazy\" decoding=\"async\" class=\" wp-image-349 alignleft\" src=\"http:\/\/manoirdekerscao.fr\/wp-content\/uploads\/2024\/09\/2024-10-05-Affiche-Cabaret-classique-Manoir-de-Kerscao-2-725x1024.jpg\" alt=\"\" width=\"238\" height=\"337\" srcset=\"http:\/\/manoirdekerscao.fr\/wp-content\/uploads\/2024\/09\/2024-10-05-Affiche-Cabaret-classique-Manoir-de-Kerscao-2-725x1024.jpg 725w, http:\/\/manoirdekerscao.fr\/wp-content\/uploads\/2024\/09\/2024-10-05-Affiche-Cabaret-classique-Manoir-de-Kerscao-2-212x300.jpg 212w, http:\/\/manoirdekerscao.fr\/wp-content\/uploads\/2024\/09\/2024-10-05-Affiche-Cabaret-classique-Manoir-de-Kerscao-2-768x1085.jpg 768w, http:\/\/manoirdekerscao.fr\/wp-content\/uploads\/2024\/09\/2024-10-05-Affiche-Cabaret-classique-Manoir-de-Kerscao-2-1087x1536.jpg 1087w, http:\/\/manoirdekerscao.fr\/wp-content\/uploads\/2024\/09\/2024-10-05-Affiche-Cabaret-classique-Manoir-de-Kerscao-2.jpg 1123w\" sizes=\"auto, (max-width: 238px) 100vw, 238px\" \/>Des tubes en veux-tu en voil\u00e0 ! Concert de F\u00eate !<\/p>\n<p style=\"text-align: left;\" align=\"justify\">Camille Privat \u00e0 l\u2019accord\u00e9on, Aldo Ripoche au violoncelle, et Jean-Marie Lions au violon, interpr\u00e8tent les hits du r\u00e9pertoire classique. Des extraits d\u2019op\u00e9ra, des valses, des marches, des polkas, des airs tziganes, danses hongroises de Brahms, tangos, Piazzolla, Tico-tico, &#8230;<\/p>\n<p style=\"text-align: left;\" align=\"justify\">A consommer sans mod\u00e9ration et sans bouder son plaisir !<\/p>\n<\/div>\n<\/div>\n<p align=\"justify\">Du temps de mon p\u00e8re, \u00abla grande musique \u00bb qu\u2019il avait apprise au conservatoire \u00e9tait aussi dans les cin\u00e9mas muets et son professeur jouait le dimanche dans une brasserie. Et que jouait-il ? De la musique de salon, de la musique agr\u00e9able \u00e0 \u00e9couter, de la musique que tout le monde reconna\u00eet, de la musique qui donne envie de danser, de la musique qui donne envie de boire du champagne et de faire la f\u00eate !!!<\/p>\n<div class=\"wa-comp wa-text wa-bg-gradient param[grad(rgba(0,0,0,0)) border(0 #969696)] \">\n<div>\n<p align=\"justify\"><img loading=\"lazy\" decoding=\"async\" class=\" wp-image-346 alignleft\" src=\"http:\/\/manoirdekerscao.fr\/wp-content\/uploads\/2024\/08\/Cabaret-classique-trio.jpg\" alt=\"\" width=\"243\" height=\"258\" srcset=\"http:\/\/manoirdekerscao.fr\/wp-content\/uploads\/2024\/08\/Cabaret-classique-trio.jpg 576w, http:\/\/manoirdekerscao.fr\/wp-content\/uploads\/2024\/08\/Cabaret-classique-trio-282x300.jpg 282w\" sizes=\"auto, (max-width: 243px) 100vw, 243px\" \/><\/p>\n<\/div>\n<\/div>\n<div class=\"wa-comp wa-text wa-bg-gradient param[grad(rgba(0,0,0,0)) border(0 #969696)] \">\n<div>\n<p align=\"left\">J\u2019ai donc compos\u00e9 le programme dans ce sens, il y a des danses (Valse et Marche Viennoises, mais aussi Tango et French Cancan &#8230;) et puis des airs que l\u2019on conna\u00eet depuis toujours (Danse Hongroise de Brahms, la Czardas de Monti) enfin bref de la musique dont on avait oubli\u00e9 qu\u2019on la connaissait, il y a m\u00eame de la musique&#8230; de bo\u00eetes \u00e0 musique !<\/p>\n<p align=\"left\">Aldo Ripoche<\/p>\n<p align=\"left\">\n<\/div>\n<\/div>\n<h2 align=\"left\"><strong>CONCERT \u00e0 KERSCAO \u2013 20 ao\u00fbt 2024<\/strong><\/h2>\n<h2 align=\"left\"><strong>Jean-Marie LIONS \u2013 Violon seul \u2013 JS Bach<\/strong><\/h2>\n<p class=\"western\" align=\"left\">L\u2019Instant<b> en Solo: Jean-Marie Lions, violon<\/b><\/p>\n<p class=\"western\" align=\"left\"><b>Bach: morceaux choisis et textes sur sa vie<\/b><\/p>\n<p class=\"western\" align=\"left\"><img loading=\"lazy\" decoding=\"async\" class=\"wp-image-308 alignleft\" src=\"http:\/\/manoirdekerscao.fr\/wp-content\/uploads\/2024\/05\/Jean-Marie-Lions-devant-le-manoir-1024x500.jpg\" sizes=\"auto, (max-width: 290px) 100vw, 290px\" srcset=\"http:\/\/manoirdekerscao.fr\/wp-content\/uploads\/2024\/05\/Jean-Marie-Lions-devant-le-manoir-1024x500.jpg 1024w, http:\/\/manoirdekerscao.fr\/wp-content\/uploads\/2024\/05\/Jean-Marie-Lions-devant-le-manoir-300x146.jpg 300w, http:\/\/manoirdekerscao.fr\/wp-content\/uploads\/2024\/05\/Jean-Marie-Lions-devant-le-manoir-768x375.jpg 768w, http:\/\/manoirdekerscao.fr\/wp-content\/uploads\/2024\/05\/Jean-Marie-Lions-devant-le-manoir-1536x749.jpg 1536w, http:\/\/manoirdekerscao.fr\/wp-content\/uploads\/2024\/05\/Jean-Marie-Lions-devant-le-manoir-2048x999.jpg 2048w\" alt=\"\" width=\"290\" height=\"142\" \/>Morceaux choisis des Sonatas et Partitas pour violon seul de Jean-S\u00e9bastien Bach, ponctu\u00e9s de textes sur nombre d\u2019aspects peu connus de sa vie.<\/p>\n<p class=\"western\" align=\"left\">\u00ab Messieurs, le vieux Bach vient d\u2019arriver ! \u00bb. C\u2019est en ces termes que le jeune roi de Prusse annonce la nouvelle toute fra\u00eeche \u00e0 ses musiciens, <img loading=\"lazy\" decoding=\"async\" class=\"wp-image-313 alignleft\" src=\"http:\/\/manoirdekerscao.fr\/wp-content\/uploads\/2024\/08\/Affiche-au-format-JPG-732x1024.jpg\" sizes=\"auto, (max-width: 293px) 100vw, 293px\" srcset=\"http:\/\/manoirdekerscao.fr\/wp-content\/uploads\/2024\/08\/Affiche-au-format-JPG-732x1024.jpg 732w, http:\/\/manoirdekerscao.fr\/wp-content\/uploads\/2024\/08\/Affiche-au-format-JPG-214x300.jpg 214w, http:\/\/manoirdekerscao.fr\/wp-content\/uploads\/2024\/08\/Affiche-au-format-JPG-768x1075.jpg 768w, http:\/\/manoirdekerscao.fr\/wp-content\/uploads\/2024\/08\/Affiche-au-format-JPG-1098x1536.jpg 1098w, http:\/\/manoirdekerscao.fr\/wp-content\/uploads\/2024\/08\/Affiche-au-format-JPG-1463x2048.jpg 1463w, http:\/\/manoirdekerscao.fr\/wp-content\/uploads\/2024\/08\/Affiche-au-format-JPG-scaled.jpg 1829w\" alt=\"\" width=\"293\" height=\"410\" \/>avec une \u00e9motion qu\u2019il ne parvient pas \u00e0 dissimuler \u2026 Fr\u00e9d\u00e9ric II a pos\u00e9 sa fl\u00fbte et il d\u00e9sire que le \u00ab vieux Bach \u00bb lui soit amen\u00e9 sans tarder\u2026<\/p>\n<p class=\"western\" align=\"left\">Au travers de morceaux choisis issus des 3 Sonatas et 3 Partitas pour violon seul de Jean-S\u00e9bastien Bach (BWV 1001-1006), monument d\u2019une trentaine de pi\u00e8ces \u00e9crites dans les ann\u00e9es 1720, bible des violonistes, Jean-Marie Lions ponctuera ses interpr\u00e9tations de pi\u00e8ces telles que Sarabande, Gigue, Fugue, mouvements lents ou rapides, par des textes d\u2019apr\u00e8s Roland de Cand\u00e9, \u00e9minent musicologue, \u00e9voquant diff\u00e9rents aspects souvent m\u00e9connus de la vie de ce grand g\u00e9nie visionnaire dont le regard a embrass\u00e9 le pass\u00e9 et le futur de l\u2019histoire de la musique.<\/p>\n<p class=\"western\" align=\"left\">\u00ab S\u2019il y a quelqu\u2019un qui doit tout \u00e0 Bach, c\u2019est bien Dieu \u00bb a \u00e9crit Cioran !<\/p>\n<div><\/div>\n<div>\n<h2><strong>CONCERT A KERSCAO le 30 juin 2024<\/strong><\/h2>\n<h2><strong>Trompette et clarinettes<\/strong><\/h2>\n<\/div>\n<div class=\"entry-content\">\n<div class=\"entry-content\">\n<p><img loading=\"lazy\" decoding=\"async\" class=\"wp-image-296 alignleft\" src=\"http:\/\/manoirdekerscao.fr\/wp-content\/uploads\/2024\/06\/Flyer-A5-concert-trompette-Manoir-de-Kerscao-724x1024.png\" sizes=\"auto, (max-width: 194px) 100vw, 194px\" srcset=\"http:\/\/manoirdekerscao.fr\/wp-content\/uploads\/2024\/06\/Flyer-A5-concert-trompette-Manoir-de-Kerscao-724x1024.png 724w, http:\/\/manoirdekerscao.fr\/wp-content\/uploads\/2024\/06\/Flyer-A5-concert-trompette-Manoir-de-Kerscao-212x300.png 212w, http:\/\/manoirdekerscao.fr\/wp-content\/uploads\/2024\/06\/Flyer-A5-concert-trompette-Manoir-de-Kerscao-768x1086.png 768w, http:\/\/manoirdekerscao.fr\/wp-content\/uploads\/2024\/06\/Flyer-A5-concert-trompette-Manoir-de-Kerscao-1086x1536.png 1086w, http:\/\/manoirdekerscao.fr\/wp-content\/uploads\/2024\/06\/Flyer-A5-concert-trompette-Manoir-de-Kerscao.png 1414w\" alt=\"\" width=\"194\" height=\"274\" \/><\/p>\n<p>Un concert qui sera donn\u00e9 le dimanche 30 juin au manoir de Kerscao.<br \/>\nAu programme visite guid\u00e9e du manoir \u00e0 16h00, suivie d\u2019un concert de trompette et ensemble de clarinettes accompagn\u00e9es par Anne Duthoit au piano.<br \/>\nL\u2019entr\u00e9e est au tarif \u00ab\u00a0groupes\u00a0\u00bb pour tout le monde (moiti\u00e9 prix, soit 5\u20ac) et gratuite pour les moins de 18 ans, pour laisser la possibilit\u00e9 de participer \u00e0 la qu\u00eate \u00ab\u00a0au chapeau\u00a0\u00bb pour les musiciens.<\/p>\n<\/div>\n<div class=\"entry-utility\"><span class=\"cat-links\"><span class=\"entry-utility-prep entry-utility-prep-cat-links\">Publi\u00e9 dans<\/span><a href=\"http:\/\/manoirdekerscao.fr\/index.php\/category\/non-classe\/\" rel=\"category tag\">Non class\u00e9<\/a><\/span> <span class=\"meta-sep\">|<\/span> <span class=\"comments-link\"><a href=\"http:\/\/manoirdekerscao.fr\/index.php\/2024\/05\/26\/concert-a-kerscao\/#respond\">Laisser un commentaire<\/a><\/span> <span class=\"meta-sep\">|<\/span> <span class=\"edit-link\"><a class=\"post-edit-link\" href=\"http:\/\/manoirdekerscao.fr\/wp-admin\/post.php?post=295&amp;action=edit\">Modifier<\/a><\/span><\/div>\n<\/div>\n","protected":false},"excerpt":{"rendered":"<p>Il est possible de privatiser le manoir pour un \u00e9v\u00e8nement, m\u00eame hors saison (r\u00e9union, repas, concert, \u2026). Nous contacter. tel : 06 74 36 30 58\u00a0 \u2013\u00a0\u00a0email : manoirdekerscao@gmail.fr Saison 2026 : plusieurs \u00e9v\u00e8nements sont pr\u00e9vus (conteuse, th\u00e9atre, rassemblement de &hellip; <a href=\"http:\/\/manoirdekerscao.fr\/index.php\/7-concerts\/\">Continuer la lecture <span class=\"meta-nav\">&rarr;<\/span><\/a><\/p>\n","protected":false},"author":1,"featured_media":0,"parent":0,"menu_order":0,"comment_status":"closed","ping_status":"closed","template":"","meta":{"footnotes":""},"class_list":["post-325","page","type-page","status-publish","hentry"],"_links":{"self":[{"href":"http:\/\/manoirdekerscao.fr\/index.php\/wp-json\/wp\/v2\/pages\/325","targetHints":{"allow":["GET"]}}],"collection":[{"href":"http:\/\/manoirdekerscao.fr\/index.php\/wp-json\/wp\/v2\/pages"}],"about":[{"href":"http:\/\/manoirdekerscao.fr\/index.php\/wp-json\/wp\/v2\/types\/page"}],"author":[{"embeddable":true,"href":"http:\/\/manoirdekerscao.fr\/index.php\/wp-json\/wp\/v2\/users\/1"}],"replies":[{"embeddable":true,"href":"http:\/\/manoirdekerscao.fr\/index.php\/wp-json\/wp\/v2\/comments?post=325"}],"version-history":[{"count":24,"href":"http:\/\/manoirdekerscao.fr\/index.php\/wp-json\/wp\/v2\/pages\/325\/revisions"}],"predecessor-version":[{"id":482,"href":"http:\/\/manoirdekerscao.fr\/index.php\/wp-json\/wp\/v2\/pages\/325\/revisions\/482"}],"wp:attachment":[{"href":"http:\/\/manoirdekerscao.fr\/index.php\/wp-json\/wp\/v2\/media?parent=325"}],"curies":[{"name":"wp","href":"https:\/\/api.w.org\/{rel}","templated":true}]}}