{"id":408,"date":"2025-04-30T16:28:08","date_gmt":"2025-04-30T14:28:08","guid":{"rendered":"http:\/\/manoirdekerscao.fr\/?page_id=408"},"modified":"2026-04-14T22:55:38","modified_gmt":"2026-04-14T20:55:38","slug":"hebergement","status":"publish","type":"page","link":"http:\/\/manoirdekerscao.fr\/index.php\/hebergement\/","title":{"rendered":"9 &#8211; H\u00e9bergement"},"content":{"rendered":"<p>Un gite meubl\u00e9 de 95m2 + jardin,\u00a0 pour 5 \u00e0 7 personnes est disponible dans les communs (avec piano !). Photos ci-apr\u00e8s.<\/p>\n<p>Tarif, r\u00e9servations et disponibilit\u00e9s : <a href=\"mailto:manoirdekerscao@gmail.com\">manoirdekerscao@gmail.com<\/a>.<\/p>\n<div id=\"attachment_413\" style=\"width: 650px\" class=\"wp-caption alignnone\"><img loading=\"lazy\" decoding=\"async\" aria-describedby=\"caption-attachment-413\" class=\"size-large wp-image-413\" src=\"http:\/\/manoirdekerscao.fr\/wp-content\/uploads\/2025\/04\/DJI_0241-1024x576.jpg\" alt=\"\" width=\"640\" height=\"360\" srcset=\"http:\/\/manoirdekerscao.fr\/wp-content\/uploads\/2025\/04\/DJI_0241-1024x576.jpg 1024w, http:\/\/manoirdekerscao.fr\/wp-content\/uploads\/2025\/04\/DJI_0241-300x169.jpg 300w, http:\/\/manoirdekerscao.fr\/wp-content\/uploads\/2025\/04\/DJI_0241-768x432.jpg 768w, http:\/\/manoirdekerscao.fr\/wp-content\/uploads\/2025\/04\/DJI_0241-1536x864.jpg 1536w, http:\/\/manoirdekerscao.fr\/wp-content\/uploads\/2025\/04\/DJI_0241-2048x1152.jpg 2048w\" sizes=\"auto, (max-width: 640px) 100vw, 640px\" \/><p id=\"caption-attachment-413\" class=\"wp-caption-text\">Les communs du manoir<\/p><\/div>\n<p><img loading=\"lazy\" decoding=\"async\" class=\"alignnone size-large wp-image-414\" src=\"http:\/\/manoirdekerscao.fr\/wp-content\/uploads\/2025\/04\/Diapositive1-1024x576.png\" alt=\"\" width=\"640\" height=\"360\" srcset=\"http:\/\/manoirdekerscao.fr\/wp-content\/uploads\/2025\/04\/Diapositive1-1024x576.png 1024w, http:\/\/manoirdekerscao.fr\/wp-content\/uploads\/2025\/04\/Diapositive1-300x169.png 300w, http:\/\/manoirdekerscao.fr\/wp-content\/uploads\/2025\/04\/Diapositive1-768x432.png 768w, http:\/\/manoirdekerscao.fr\/wp-content\/uploads\/2025\/04\/Diapositive1.png 1280w\" sizes=\"auto, (max-width: 640px) 100vw, 640px\" \/> <img loading=\"lazy\" decoding=\"async\" class=\"alignnone size-large wp-image-415\" src=\"http:\/\/manoirdekerscao.fr\/wp-content\/uploads\/2025\/04\/Diapositive2-1024x576.png\" alt=\"\" width=\"640\" height=\"360\" srcset=\"http:\/\/manoirdekerscao.fr\/wp-content\/uploads\/2025\/04\/Diapositive2-1024x576.png 1024w, http:\/\/manoirdekerscao.fr\/wp-content\/uploads\/2025\/04\/Diapositive2-300x169.png 300w, http:\/\/manoirdekerscao.fr\/wp-content\/uploads\/2025\/04\/Diapositive2-768x432.png 768w, http:\/\/manoirdekerscao.fr\/wp-content\/uploads\/2025\/04\/Diapositive2.png 1280w\" sizes=\"auto, (max-width: 640px) 100vw, 640px\" \/> <img loading=\"lazy\" decoding=\"async\" class=\"alignnone size-large wp-image-416\" src=\"http:\/\/manoirdekerscao.fr\/wp-content\/uploads\/2025\/04\/Diapositive3-1024x576.png\" alt=\"\" width=\"640\" height=\"360\" srcset=\"http:\/\/manoirdekerscao.fr\/wp-content\/uploads\/2025\/04\/Diapositive3-1024x576.png 1024w, http:\/\/manoirdekerscao.fr\/wp-content\/uploads\/2025\/04\/Diapositive3-300x169.png 300w, http:\/\/manoirdekerscao.fr\/wp-content\/uploads\/2025\/04\/Diapositive3-768x432.png 768w, http:\/\/manoirdekerscao.fr\/wp-content\/uploads\/2025\/04\/Diapositive3.png 1280w\" sizes=\"auto, (max-width: 640px) 100vw, 640px\" \/><\/p>\n<p><img loading=\"lazy\" decoding=\"async\" class=\"alignnone size-large wp-image-419\" src=\"http:\/\/manoirdekerscao.fr\/wp-content\/uploads\/2025\/04\/Diapositive4-1-1024x576.png\" alt=\"\" width=\"640\" height=\"360\" srcset=\"http:\/\/manoirdekerscao.fr\/wp-content\/uploads\/2025\/04\/Diapositive4-1-1024x576.png 1024w, http:\/\/manoirdekerscao.fr\/wp-content\/uploads\/2025\/04\/Diapositive4-1-300x169.png 300w, http:\/\/manoirdekerscao.fr\/wp-content\/uploads\/2025\/04\/Diapositive4-1-768x432.png 768w, http:\/\/manoirdekerscao.fr\/wp-content\/uploads\/2025\/04\/Diapositive4-1.png 1280w\" sizes=\"auto, (max-width: 640px) 100vw, 640px\" \/><img loading=\"lazy\" decoding=\"async\" class=\"alignnone size-large wp-image-417\" src=\"http:\/\/manoirdekerscao.fr\/wp-content\/uploads\/2025\/04\/Diapositive4-1024x576.png\" alt=\"\" width=\"640\" height=\"360\" srcset=\"http:\/\/manoirdekerscao.fr\/wp-content\/uploads\/2025\/04\/Diapositive4-1024x576.png 1024w, http:\/\/manoirdekerscao.fr\/wp-content\/uploads\/2025\/04\/Diapositive4-300x169.png 300w, http:\/\/manoirdekerscao.fr\/wp-content\/uploads\/2025\/04\/Diapositive4-768x432.png 768w, http:\/\/manoirdekerscao.fr\/wp-content\/uploads\/2025\/04\/Diapositive4.png 1280w\" sizes=\"auto, (max-width: 640px) 100vw, 640px\" \/><\/p>\n","protected":false},"excerpt":{"rendered":"<p>Un gite meubl\u00e9 de 95m2 + jardin,\u00a0 pour 5 \u00e0 7 personnes est disponible dans les communs (avec piano !). Photos ci-apr\u00e8s. Tarif, r\u00e9servations et disponibilit\u00e9s : manoirdekerscao@gmail.com.<\/p>\n","protected":false},"author":1,"featured_media":0,"parent":0,"menu_order":0,"comment_status":"closed","ping_status":"closed","template":"","meta":{"footnotes":""},"class_list":["post-408","page","type-page","status-publish","hentry"],"_links":{"self":[{"href":"http:\/\/manoirdekerscao.fr\/index.php\/wp-json\/wp\/v2\/pages\/408","targetHints":{"allow":["GET"]}}],"collection":[{"href":"http:\/\/manoirdekerscao.fr\/index.php\/wp-json\/wp\/v2\/pages"}],"about":[{"href":"http:\/\/manoirdekerscao.fr\/index.php\/wp-json\/wp\/v2\/types\/page"}],"author":[{"embeddable":true,"href":"http:\/\/manoirdekerscao.fr\/index.php\/wp-json\/wp\/v2\/users\/1"}],"replies":[{"embeddable":true,"href":"http:\/\/manoirdekerscao.fr\/index.php\/wp-json\/wp\/v2\/comments?post=408"}],"version-history":[{"count":9,"href":"http:\/\/manoirdekerscao.fr\/index.php\/wp-json\/wp\/v2\/pages\/408\/revisions"}],"predecessor-version":[{"id":480,"href":"http:\/\/manoirdekerscao.fr\/index.php\/wp-json\/wp\/v2\/pages\/408\/revisions\/480"}],"wp:attachment":[{"href":"http:\/\/manoirdekerscao.fr\/index.php\/wp-json\/wp\/v2\/media?parent=408"}],"curies":[{"name":"wp","href":"https:\/\/api.w.org\/{rel}","templated":true}]}}