{"id":54,"date":"2021-11-11T20:07:45","date_gmt":"2021-11-11T19:07:45","guid":{"rendered":"http:\/\/manoirdekerscao.fr\/?page_id=54"},"modified":"2025-05-06T09:06:12","modified_gmt":"2025-05-06T07:06:12","slug":"la-cour-fermee-et-la-facade-sud","status":"publish","type":"page","link":"http:\/\/manoirdekerscao.fr\/index.php\/la-cour-fermee-et-la-facade-sud\/","title":{"rendered":"2 &#8211; Cour ferm\u00e9e et fa\u00e7ade sud"},"content":{"rendered":"<p><strong><img loading=\"lazy\" decoding=\"async\" class=\"size-medium wp-image-55 alignleft\" src=\"http:\/\/manoirdekerscao.fr\/wp-content\/uploads\/2021\/11\/Kerscao-facade-Jul-2005-300x182.jpg\" alt=\"\" width=\"300\" height=\"182\" srcset=\"http:\/\/manoirdekerscao.fr\/wp-content\/uploads\/2021\/11\/Kerscao-facade-Jul-2005-300x182.jpg 300w, http:\/\/manoirdekerscao.fr\/wp-content\/uploads\/2021\/11\/Kerscao-facade-Jul-2005-1024x622.jpg 1024w, http:\/\/manoirdekerscao.fr\/wp-content\/uploads\/2021\/11\/Kerscao-facade-Jul-2005-768x466.jpg 768w, http:\/\/manoirdekerscao.fr\/wp-content\/uploads\/2021\/11\/Kerscao-facade-Jul-2005-1536x933.jpg 1536w, http:\/\/manoirdekerscao.fr\/wp-content\/uploads\/2021\/11\/Kerscao-facade-Jul-2005-2048x1244.jpg 2048w\" sizes=\"auto, (max-width: 300px) 100vw, 300px\" \/><\/strong><\/p>\n<p><strong><img loading=\"lazy\" decoding=\"async\" class=\"size-medium wp-image-51 alignleft\" src=\"http:\/\/manoirdekerscao.fr\/wp-content\/uploads\/2021\/11\/Porche-300x147.jpg\" alt=\"\" width=\"300\" height=\"147\" srcset=\"http:\/\/manoirdekerscao.fr\/wp-content\/uploads\/2021\/11\/Porche-300x147.jpg 300w, http:\/\/manoirdekerscao.fr\/wp-content\/uploads\/2021\/11\/Porche-1024x502.jpg 1024w, http:\/\/manoirdekerscao.fr\/wp-content\/uploads\/2021\/11\/Porche-768x377.jpg 768w, http:\/\/manoirdekerscao.fr\/wp-content\/uploads\/2021\/11\/Porche.jpg 1250w\" sizes=\"auto, (max-width: 300px) 100vw, 300px\" \/>L&rsquo;\u00e9difice principal<\/strong> se trouve au nord d\u2019une cour rectangulaire comportant un puits avec une belle margelle monolithe de 2,20 m\u00e8tres de diam\u00e8tre. Une tr\u00e8s belle fa\u00e7ade bicolore allie la kersantite sombre (entourage des ouvertures) au granite clair de Tr\u00e9gana. Les deux autres pierres utilis\u00e9es dans le manoir sont la pierre jaune de Logonna (lucarne, dallage), et le schiste qui est la pierre du sous-sol.<\/p>\n<p>La partie ouest, la plus ancienne, a \u00e9t\u00e9 restaur\u00e9e en 1468. Elle pr\u00e9sente les caract\u00e8res typiques des manoirs bretons de la fin du moyen \u00e2ge. Une lucarne gothique monumentale surmontait les deux fen\u00eatres \u00e0 meneaux dont elle \u00e9galait la taille. Le b\u00e2timent \u00e9tait en L, comme en t\u00e9moignent les traces sur la fa\u00e7ade, et la pierre commune entre la fen\u00eatre et la porte dans l\u2019encoignure.<\/p>\n<p>A l\u2019occasion du mariage Kerguiziau de Kerscao \u2013 du Louet en 1590, le manoir a \u00e9t\u00e9 agrandi vers l\u2019est. Il b\u00e9n\u00e9ficie alors des atouts de la Renaissance, ce qui se voit d\u00e9j\u00e0 \u00e0 certains d\u00e9tails (la corniche sous le toit, l\u2019appareillage de pierres, les chemin\u00e9es, les grandes fen\u00eatres sans meneaux, etc.), et qui sera encore plus apparent \u00e0 l\u2019int\u00e9rieur.<\/p>\n","protected":false},"excerpt":{"rendered":"<p>L&rsquo;\u00e9difice principal se trouve au nord d\u2019une cour rectangulaire comportant un puits avec une belle margelle monolithe de 2,20 m\u00e8tres de diam\u00e8tre. Une tr\u00e8s belle fa\u00e7ade bicolore allie la kersantite sombre (entourage des ouvertures) au granite clair de Tr\u00e9gana. Les &hellip; <a href=\"http:\/\/manoirdekerscao.fr\/index.php\/la-cour-fermee-et-la-facade-sud\/\">Continuer la lecture <span class=\"meta-nav\">&rarr;<\/span><\/a><\/p>\n","protected":false},"author":1,"featured_media":0,"parent":0,"menu_order":0,"comment_status":"closed","ping_status":"closed","template":"","meta":{"footnotes":""},"class_list":["post-54","page","type-page","status-publish","hentry"],"_links":{"self":[{"href":"http:\/\/manoirdekerscao.fr\/index.php\/wp-json\/wp\/v2\/pages\/54","targetHints":{"allow":["GET"]}}],"collection":[{"href":"http:\/\/manoirdekerscao.fr\/index.php\/wp-json\/wp\/v2\/pages"}],"about":[{"href":"http:\/\/manoirdekerscao.fr\/index.php\/wp-json\/wp\/v2\/types\/page"}],"author":[{"embeddable":true,"href":"http:\/\/manoirdekerscao.fr\/index.php\/wp-json\/wp\/v2\/users\/1"}],"replies":[{"embeddable":true,"href":"http:\/\/manoirdekerscao.fr\/index.php\/wp-json\/wp\/v2\/comments?post=54"}],"version-history":[{"count":3,"href":"http:\/\/manoirdekerscao.fr\/index.php\/wp-json\/wp\/v2\/pages\/54\/revisions"}],"predecessor-version":[{"id":74,"href":"http:\/\/manoirdekerscao.fr\/index.php\/wp-json\/wp\/v2\/pages\/54\/revisions\/74"}],"wp:attachment":[{"href":"http:\/\/manoirdekerscao.fr\/index.php\/wp-json\/wp\/v2\/media?parent=54"}],"curies":[{"name":"wp","href":"https:\/\/api.w.org\/{rel}","templated":true}]}}