{"id":62,"date":"2021-11-11T20:37:28","date_gmt":"2021-11-11T19:37:28","guid":{"rendered":"http:\/\/manoirdekerscao.fr\/?page_id=62"},"modified":"2026-04-14T22:58:35","modified_gmt":"2026-04-14T20:58:35","slug":"6-visites","status":"publish","type":"page","link":"http:\/\/manoirdekerscao.fr\/index.php\/6-visites\/","title":{"rendered":"8 &#8211; Visites"},"content":{"rendered":"<h3><img loading=\"lazy\" decoding=\"async\" class=\"wp-image-95 alignleft\" src=\"http:\/\/manoirdekerscao.fr\/wp-content\/uploads\/2022\/06\/20220603_115042-576x1024.jpg\" alt=\"\" width=\"150\" height=\"267\" srcset=\"http:\/\/manoirdekerscao.fr\/wp-content\/uploads\/2022\/06\/20220603_115042-576x1024.jpg 576w, http:\/\/manoirdekerscao.fr\/wp-content\/uploads\/2022\/06\/20220603_115042-169x300.jpg 169w, http:\/\/manoirdekerscao.fr\/wp-content\/uploads\/2022\/06\/20220603_115042-768x1365.jpg 768w, http:\/\/manoirdekerscao.fr\/wp-content\/uploads\/2022\/06\/20220603_115042-864x1536.jpg 864w, http:\/\/manoirdekerscao.fr\/wp-content\/uploads\/2022\/06\/20220603_115042-1152x2048.jpg 1152w, http:\/\/manoirdekerscao.fr\/wp-content\/uploads\/2022\/06\/20220603_115042-scaled.jpg 1440w\" sizes=\"auto, (max-width: 150px) 100vw, 150px\" \/><\/h3>\n<p><strong>Le manoir est ouvert \u00e0 la visite en saison (1er juillet &#8211; 30 sept.), de 10h30 \u00e0 12h30 et de 13h \u00e0 17h \u00e0 dates fixes.<\/strong><\/p>\n<p>Tarif in fine.<\/p>\n<p>Il est possible d&rsquo;organiser des visites de groupes, et de privatiser le manoir pour un \u00e9v\u00e8nement, m\u00eame hors saison (r\u00e9union, repas, concert priv\u00e9, &#8230;). Nous contacter.<\/p>\n<p>tel : 06 74 36 30 58\u00a0 &#8211;\u00a0\u00a0email : <a href=\"mailto:manoirdekerscao@gmail.fr\">manoirdekerscao@gmail.fr<\/a><\/p>\n<h1 style=\"text-align: center;\"><span style=\"color: #993366;\"><strong>SAISON 2026<\/strong><\/span><\/h1>\n<p><img loading=\"lazy\" decoding=\"async\" class=\"alignnone size-full wp-image-478\" src=\"http:\/\/manoirdekerscao.fr\/wp-content\/uploads\/2026\/04\/Capture-decran-2026-04-14-224956.png\" alt=\"\" width=\"909\" height=\"988\" srcset=\"http:\/\/manoirdekerscao.fr\/wp-content\/uploads\/2026\/04\/Capture-decran-2026-04-14-224956.png 909w, http:\/\/manoirdekerscao.fr\/wp-content\/uploads\/2026\/04\/Capture-decran-2026-04-14-224956-276x300.png 276w, http:\/\/manoirdekerscao.fr\/wp-content\/uploads\/2026\/04\/Capture-decran-2026-04-14-224956-768x835.png 768w\" sizes=\"auto, (max-width: 909px) 100vw, 909px\" \/><\/p>\n<p><a href=\"http:\/\/manoirdekerscao.fr\/wp-content\/uploads\/2024\/06\/Kerscao-GUIDE-DE-VISITE.pdf\">T\u00e9l\u00e9charger le GUIDE DE VISITE<\/a><\/p>\n<h3><a href=\"http:\/\/manoirdekerscao.fr\/wp-content\/uploads\/2024\/06\/Kerscao-GUIDE-DE-VISITE.pdf\"><img loading=\"lazy\" decoding=\"async\" class=\"wp-image-291\" src=\"http:\/\/manoirdekerscao.fr\/wp-content\/uploads\/2024\/06\/2024-06-05-QR-code-GUIDE-DE-VISITE.png\" alt=\"\" width=\"109\" height=\"107\" srcset=\"http:\/\/manoirdekerscao.fr\/wp-content\/uploads\/2024\/06\/2024-06-05-QR-code-GUIDE-DE-VISITE.png 515w, http:\/\/manoirdekerscao.fr\/wp-content\/uploads\/2024\/06\/2024-06-05-QR-code-GUIDE-DE-VISITE-300x296.png 300w\" sizes=\"auto, (max-width: 109px) 100vw, 109px\" \/><\/a><\/h3>\n<h3><strong>TARIF des visites<\/strong> :<\/h3>\n<p>0 \u00e0 5 ans : gratuit<br \/>\n6 \u00e0 18 ans : 3 euros<br \/>\nAdultes :<br \/>\n&#8211; Jardin seul : 5 euros<br \/>\n&#8211; Int\u00e9rieur + jardin : 10 euros<br \/>\n&#8211; Carte famille nombreuse : demi-tarif<br \/>\n&#8211; Groupes (10 et plus) : demi-tarif (sur rendez-vous)<br \/>\n&#8211; Handicap\u00e9s : demi-tarif. La maison est aux normes du XV\u00e8me si\u00e8cle&#8230; La moiti\u00e9 du RDC se visite sans marches, l&rsquo;autre avec 3 marches, et l&rsquo;\u00e9tage accessible uniquement par un large escalier \u00e0 vis. Cour et jardin en herbe, sans probl\u00e8me en fauteur roulant.<\/p>\n<p>Paiement par carte bancaire possible.<\/p>\n<p>Contact : 06 74 36 30 58 &#8211;\u00a0 <a href=\"mailto:manoirdekerscao@gmail.com\">manoirdekerscao@gmail.com<\/a><\/p>\n","protected":false},"excerpt":{"rendered":"<p>Le manoir est ouvert \u00e0 la visite en saison (1er juillet &#8211; 30 sept.), de 10h30 \u00e0 12h30 et de 13h \u00e0 17h \u00e0 dates fixes. Tarif in fine. Il est possible d&rsquo;organiser des visites de groupes, et de privatiser &hellip; <a href=\"http:\/\/manoirdekerscao.fr\/index.php\/6-visites\/\">Continuer la lecture <span class=\"meta-nav\">&rarr;<\/span><\/a><\/p>\n","protected":false},"author":1,"featured_media":0,"parent":0,"menu_order":0,"comment_status":"closed","ping_status":"closed","template":"","meta":{"footnotes":""},"class_list":["post-62","page","type-page","status-publish","hentry"],"_links":{"self":[{"href":"http:\/\/manoirdekerscao.fr\/index.php\/wp-json\/wp\/v2\/pages\/62","targetHints":{"allow":["GET"]}}],"collection":[{"href":"http:\/\/manoirdekerscao.fr\/index.php\/wp-json\/wp\/v2\/pages"}],"about":[{"href":"http:\/\/manoirdekerscao.fr\/index.php\/wp-json\/wp\/v2\/types\/page"}],"author":[{"embeddable":true,"href":"http:\/\/manoirdekerscao.fr\/index.php\/wp-json\/wp\/v2\/users\/1"}],"replies":[{"embeddable":true,"href":"http:\/\/manoirdekerscao.fr\/index.php\/wp-json\/wp\/v2\/comments?post=62"}],"version-history":[{"count":56,"href":"http:\/\/manoirdekerscao.fr\/index.php\/wp-json\/wp\/v2\/pages\/62\/revisions"}],"predecessor-version":[{"id":481,"href":"http:\/\/manoirdekerscao.fr\/index.php\/wp-json\/wp\/v2\/pages\/62\/revisions\/481"}],"wp:attachment":[{"href":"http:\/\/manoirdekerscao.fr\/index.php\/wp-json\/wp\/v2\/media?parent=62"}],"curies":[{"name":"wp","href":"https:\/\/api.w.org\/{rel}","templated":true}]}}